{"id":67670,"date":"2021-04-05T12:04:57","date_gmt":"2021-04-05T11:04:57","guid":{"rendered":"https:\/\/exclusivelabel.store\/?post_type=product&#038;p=67670"},"modified":"2023-07-03T10:22:08","modified_gmt":"2023-07-03T09:22:08","slug":"cleanity-pro","status":"publish","type":"product","link":"https:\/\/exclusivelabel.store\/cs\/produkt\/cleanity-pro\/","title":{"rendered":"Cleanity Pro\u2122"},"content":{"rendered":"<p>Nejlep\u0161\u00ed Robotick\u00fd vysava\u010d, snadno a rychle vysaje cel\u00fd byt i d\u016fm. Robot ti\u0161e vys\u00e1v\u00e1 a\u017e 120 minut na jedno nabit\u00ed p\u0159i hlasitosti chladni\u010dky (m\u00e9n\u011b ne\u017e 40 dB). Dokonal\u00fd \u00faklid v\u0161ech podlah i koberc\u016f. N\u00edzko profilov\u00fd design umo\u017e\u0148uje vysava\u010di vklouznout pod postele i pohovky. Automaticky reguluje v\u00fdkon pro zaru\u010den\u011b nejlep\u0161\u00ed \u00faklid prachu, drobk\u016f a \u0161p\u00edny. UV steriliza\u010dn\u00ed funkce zni\u010d\u00ed ne\u017e\u00e1douc\u00ed viry a bakterie pro d\u016fkladn\u00e9 \u010di\u0161t\u011bn\u00ed. Technologie prevence p\u00e1du pro rozpozn\u00e1n\u00ed schod\u016f. Velk\u00e1 prachov\u00e1 n\u00e1doba pro opakovan\u00e9 vys\u00e1v\u00e1n\u00ed bez vyprazd\u0148ov\u00e1n\u00ed. Vysok\u00e1 kapacita baterie pro maxim\u00e1ln\u00ed v\u00fdkon a v\u00fddr\u017e.<\/p>","protected":false},"excerpt":{"rendered":"<p>Cleanity Pro Robotick\u00fd Vysava\u010d \u2013 Robot pro Nejlep\u0161\u00ed \u00daklid. N\u00edzko profilov\u00fd Robotick\u00fd Vysava\u010d Vysaje Prach z\u00a0Podlah a Koberc\u016f pod Postelemi i Pohovkami<\/p>","protected":false},"featured_media":67946,"comment_status":"open","ping_status":"closed","template":"","meta":[],"product_cat":[258],"product_tag":[242],"_links":{"self":[{"href":"https:\/\/exclusivelabel.store\/cs\/wp-json\/wp\/v2\/product\/67670"}],"collection":[{"href":"https:\/\/exclusivelabel.store\/cs\/wp-json\/wp\/v2\/product"}],"about":[{"href":"https:\/\/exclusivelabel.store\/cs\/wp-json\/wp\/v2\/types\/product"}],"replies":[{"embeddable":true,"href":"https:\/\/exclusivelabel.store\/cs\/wp-json\/wp\/v2\/comments?post=67670"}],"version-history":[{"count":3,"href":"https:\/\/exclusivelabel.store\/cs\/wp-json\/wp\/v2\/product\/67670\/revisions"}],"predecessor-version":[{"id":72619,"href":"https:\/\/exclusivelabel.store\/cs\/wp-json\/wp\/v2\/product\/67670\/revisions\/72619"}],"wp:featuredmedia":[{"embeddable":true,"href":"https:\/\/exclusivelabel.store\/cs\/wp-json\/wp\/v2\/media\/67946"}],"wp:attachment":[{"href":"https:\/\/exclusivelabel.store\/cs\/wp-json\/wp\/v2\/media?parent=67670"}],"wp:term":[{"taxonomy":"product_cat","embeddable":true,"href":"https:\/\/exclusivelabel.store\/cs\/wp-json\/wp\/v2\/product_cat?post=67670"},{"taxonomy":"product_tag","embeddable":true,"href":"https:\/\/exclusivelabel.store\/cs\/wp-json\/wp\/v2\/product_tag?post=67670"}],"curies":[{"name":"wp","href":"https:\/\/api.w.org\/{rel}","templated":true}]}}